{"id":1911,"date":"2023-08-21T10:05:41","date_gmt":"2023-08-21T08:05:41","guid":{"rendered":"https:\/\/www.tnt-maschinenbau.de\/?page_id=1911"},"modified":"2024-05-08T16:42:29","modified_gmt":"2024-05-08T14:42:29","slug":"industriemechaniker-m-w-d-oder-schlosser-m-w-d","status":"publish","type":"page","link":"https:\/\/www.tnt-maschinenbau.de\/en\/unternehmen\/karriere\/industriemechaniker-m-w-d-oder-schlosser-m-w-d\/","title":{"rendered":"Projektingenieur"},"content":{"rendered":"\n<div class=\"wp-block-impuls-additional-containers-section  has-no-text-color has-no-background-color has-no-background-image\" style=\"background-image:none\"><div class=\"InnerContent\">\n<h2>Projektingenieur (m\/w\/d)<\/h2>\n\n\n\n<div class=\"wp-block-columns\">\n<div class=\"wp-block-column\">\n<p>F\u00fcr die Erweiterung unseres Teams suchen wir einen:<\/p>\n\n\n\n<p>Projektingenieur \u2013 Vollzeit \u2013 Augustdorf<\/p>\n\n\n\n<p> <strong>Ihre Aufgaben:<\/strong> <\/p>\n\n\n\n<ul><li>Entwicklung von Maschinenkonzepten<\/li><li>Betreuung und Umsetzung von projektbezogenen Kundenauftr\u00e4gen<\/li><li>Abstimmungen mit dem Kunden<\/li><li>Teilnahme und Organisation von Projektbesprechungen, sowie fachliche Koordination der internen und externen Projektbeteiligten<\/li><li>Mitarbeit bei Standardisierungsprojekten und kontinuierlicher Verbesserung<\/li><li>Enge Zusammenarbeit mit dem Vertrieb, Einkauf und der Produktion<\/li><\/ul>\n\n\n\n<hr class=\"wp-block-separator has-text-color has-background has-dark-gray-background-color has-dark-gray-color\"\/>\n\n\n\n<p><strong>Ihr Profil:<\/strong><\/p>\n\n\n\n<ul><li>Erfolgreich abgeschlossenes Hochschulstudium zum Diplom-Ingenieur (w\/m\/d), Bachelor oder Master, Fachrichtung Allgemeiner Maschinenbau mit der Vertiefungsrichtung Konstruktions-, Verfahrens- oder Fertigungstechnik. Alternativ Techniker mit branchennaher Berufserfahrung<\/li><li>Gute Englischkenntnisse in Wort und Schrift<\/li><li>Engagement, Flexibilit\u00e4t und Teamf\u00e4higkeit<\/li><li>Kenntnisse im Umgang mit einem 3D-CAD-System (SolidWorks w\u00fcnschenswert)<\/li><\/ul>\n\n\n\n<hr class=\"wp-block-separator\"\/>\n\n\n\n<p><strong>Wir bieten Ihnen<\/strong><\/p>\n\n\n\n<ul><li>Ein vielf\u00e4ltiges Aufgabenfeld mit viel Platz f\u00fcr Ihre Ideen und Ihr Engagement<\/li><li>Attraktive Verg\u00fctung mit einem Paket an Zusatzleistungen<\/li><li>Intensive Einarbeitung in Ihre neuen Aufgaben<\/li><li>Kollegiale Zusammenarbeit in einem interdisziplin\u00e4ren und sympathischen Team<\/li><li>Gute Entwicklungsm\u00f6glichkeiten im Team<\/li><li>Flexibles Arbeitszeitmodell \u2013 Gleitzeitregelung<\/li><\/ul>\n\n\n\n<p>Wir w\u00fcrden uns freuen, Sie in unserem Team begr\u00fc\u00dfen zu k\u00f6nnen. Bei Interesse senden Sie uns Ihre aussagekr\u00e4ftige Bewerbung&nbsp;mit Angabe ihrer Gehaltsvorstellung und des m\u00f6glichen Eintrittstermins&nbsp;bevorzugt per Email an&nbsp;<a href=\"mailto:personal@tnt-maschinenbau.de\"><strong>personal@tnt-maschinenbau.de<\/strong><\/a><\/p>\n\n\n\n<p id=\"bewerberformular\">Oder verwenden Sie unser <strong>Bewerberformular<\/strong><\/p>\n\n\n\n<div class=\"wp-block-contact-form-7-contact-form-selector\"><div role=\"form\" class=\"wpcf7\" id=\"wpcf7-f1820-o1\" lang=\"de-DE\" dir=\"ltr\">\n<div class=\"screen-reader-response\"><p role=\"status\" aria-live=\"polite\" aria-atomic=\"true\"><\/p> <ul><\/ul><\/div>\n<form action=\"\/en\/wp-json\/wp\/v2\/pages\/1911#wpcf7-f1820-o1\" method=\"post\" class=\"wpcf7-form init\" enctype=\"multipart\/form-data\" novalidate=\"novalidate\" data-status=\"init\">\n<div style=\"display: none;\">\n<input type=\"hidden\" name=\"_wpcf7\" value=\"1820\" \/>\n<input type=\"hidden\" name=\"_wpcf7_version\" value=\"5.4.2\" \/>\n<input type=\"hidden\" name=\"_wpcf7_locale\" value=\"de_DE_formal\" \/>\n<input type=\"hidden\" name=\"_wpcf7_unit_tag\" value=\"wpcf7-f1820-o1\" \/>\n<input type=\"hidden\" name=\"_wpcf7_container_post\" value=\"0\" \/>\n<input type=\"hidden\" name=\"_wpcf7_posted_data_hash\" value=\"\" \/>\n<input type=\"hidden\" name=\"lang\" value=\"en\" \/>\n<\/div>\n<h2>Application Form<\/h2>\n<label>\n<span class=\"wpcf7-form-control-wrap Title\"><select name=\"Title\" class=\"wpcf7-form-control wpcf7-select\" aria-invalid=\"false\"><option value=\"Mrs\">Mrs<\/option><option value=\"Mr\">Mr<\/option><\/select><\/span>\n<\/label>\n<label>\n<span class=\"wpcf7-form-control-wrap First\"><input type=\"text\" name=\"First\" value=\"\" size=\"40\" class=\"wpcf7-form-control wpcf7-text wpcf7-validates-as-required\" aria-required=\"true\" aria-invalid=\"false\" placeholder=\"First name*\" \/><\/span>\n<\/label>\n<label>\n<span class=\"wpcf7-form-control-wrap Last\"><input type=\"text\" name=\"Last\" value=\"\" size=\"40\" class=\"wpcf7-form-control wpcf7-text wpcf7-validates-as-required\" aria-required=\"true\" aria-invalid=\"false\" placeholder=\"Last name*\" \/><\/span>\n<\/label>\n<label>\n<span class=\"wpcf7-form-control-wrap Street\"><input type=\"text\" name=\"Street\" value=\"\" size=\"40\" class=\"wpcf7-form-control wpcf7-text wpcf7-validates-as-required\" aria-required=\"true\" aria-invalid=\"false\" placeholder=\"Street\/House number*\" \/><\/span>\n<\/label>\n<label>\n<span class=\"wpcf7-form-control-wrap Location\"><input type=\"text\" name=\"Location\" value=\"\" size=\"40\" class=\"wpcf7-form-control wpcf7-text wpcf7-validates-as-required\" aria-required=\"true\" aria-invalid=\"false\" placeholder=\"Postal code\/Place of residence*\" \/><\/span>\n<\/label>\n<label>\n<span class=\"wpcf7-form-control-wrap E-Mail\"><input type=\"email\" name=\"E-Mail\" value=\"\" size=\"40\" class=\"wpcf7-form-control wpcf7-text wpcf7-email wpcf7-validates-as-required wpcf7-validates-as-email\" aria-required=\"true\" aria-invalid=\"false\" placeholder=\"E-Mail*\" \/><\/span>\n<\/label>\n<label>\n<span class=\"wpcf7-form-control-wrap Telephone\"><input type=\"tel\" name=\"Telephone\" value=\"\" size=\"40\" class=\"wpcf7-form-control wpcf7-text wpcf7-tel wpcf7-validates-as-tel\" aria-invalid=\"false\" placeholder=\"Telephone\" \/><\/span>\n<\/label>\n<label>\n<span class=\"wpcf7-form-control-wrap Message\"><textarea name=\"Message\" cols=\"40\" rows=\"10\" class=\"wpcf7-form-control wpcf7-textarea wpcf7-validates-as-required\" aria-required=\"true\" aria-invalid=\"false\" placeholder=\"Message*\"><\/textarea><\/span>\n<\/label>\n<label> Choose your attachment\n<span class=\"wpcf7-form-control-wrap file-788\"><input type=\"file\" name=\"file-788\" size=\"40\" class=\"wpcf7-form-control wpcf7-file wpcf7-validates-as-required\" accept=\".pdf,.doc\" aria-required=\"true\" aria-invalid=\"false\" \/><\/span>\n\n<\/label>\n<span class=\"wpcf7-form-control-wrap Datenschutzerklaerung\"><span class=\"wpcf7-form-control wpcf7-acceptance\"><span class=\"wpcf7-list-item\"><label><input type=\"checkbox\" name=\"Datenschutzerklaerung\" value=\"1\" aria-invalid=\"false\" \/><span class=\"wpcf7-list-item-label\">I have read the <a href=\"https:\/\/www.tnt-maschinenbau.de\/datenschutz\/\" target=\"_blank\">privacy policy<\/a>  and agree to it.<\/span><\/label><\/span><\/span><\/span>\n\n<div class=\"captcha-wrap\"><div class=\"captcha-img-wrap\"><span class=\"wpcf7-form-control-wrap kc_captcha\"><span class=\"wpcf7-form-control wpcf7-radio\"> \r\n    <span class=\"captcha-image\" >\r\n        <span class=\"cf7ic_instructions\">Please prove you are human by selecting the <span> Truck<\/span>.<\/span><label><input type=\"radio\" name=\"kc_captcha\" value=\"bot\" \/><svg width=\"50\" height=\"50\" aria-hidden=\"true\" role=\"img\" xmlns=\"https:\/\/www.w3.org\/2000\/svg\" viewBox=\"0 0 576 512\"><path fill=\"currentColor\" d=\"M488 313v143c0 13-11 24-24 24H348c-7 0-12-5-12-12V356c0-7-5-12-12-12h-72c-7 0-12 5-12 12v112c0 7-5 12-12 12H112c-13 0-24-11-24-24V313c0-4 2-7 4-10l188-154c5-4 11-4 16 0l188 154c2 3 4 6 4 10zm84-61l-84-69V44c0-6-5-12-12-12h-56c-7 0-12 6-12 12v73l-89-74a48 48 0 00-61 0L4 252c-5 4-5 12-1 17l25 31c5 5 12 5 17 1l235-193c5-4 11-4 16 0l235 193c5 5 13 4 17-1l25-31c4-6 4-13-1-17z\"\/><\/svg><\/label><label><input type=\"radio\" name=\"kc_captcha\" value=\"bot\" \/><svg width=\"50\" height=\"50\" aria-hidden=\"true\" role=\"img\" xmlns=\"https:\/\/www.w3.org\/2000\/svg\" viewBox=\"0 0 640 512\"><path fill=\"currentColor\" d=\"M192 384h192c53 0 96-43 96-96h32a128 128 0 000-256H120c-13 0-24 11-24 24v232c0 53 43 96 96 96zM512 96a64 64 0 010 128h-32V96h32zm48 384H48c-47 0-61-64-36-64h584c25 0 11 64-36 64z\"\/><\/svg><\/label><label><input type=\"radio\" name=\"kc_captcha\" value=\"kc_human\" \/><svg width=\"50\" height=\"50\" aria-hidden=\"true\" role=\"img\" xmlns=\"https:\/\/www.w3.org\/2000\/svg\" viewBox=\"0 0 640 512\"><path fill=\"currentColor\" d=\"M624 352h-16V244c0-13-5-25-14-34L494 110c-9-9-21-14-34-14h-44V48c0-26-21-48-48-48H48C22 0 0 22 0 48v320c0 27 22 48 48 48h16a96 96 0 00192 0h128a96 96 0 00192 0h48c9 0 16-7 16-16v-32c0-9-7-16-16-16zM160 464a48 48 0 110-96 48 48 0 010 96zm320 0a48 48 0 110-96 48 48 0 010 96zm80-208H416V144h44l100 100v12z\"\/><\/svg><\/label>\r\n    <\/span>\r\n    <span style=\"display:none\">\r\n        <input type=\"text\" name=\"kc_honeypot\">\r\n    <\/span><\/span><\/span><\/div><\/div>\n\n<input type=\"submit\" value=\"Apply now\" class=\"wpcf7-form-control wpcf7-submit\" \/><div class=\"wpcf7-response-output\" aria-hidden=\"true\"><\/div><\/form><\/div><\/div>\n<\/div>\n<\/div>\n<\/div><\/div>\n","protected":false},"excerpt":{"rendered":"","protected":false},"author":1,"featured_media":0,"parent":68,"menu_order":30,"comment_status":"closed","ping_status":"closed","template":"","meta":[],"_links":{"self":[{"href":"https:\/\/www.tnt-maschinenbau.de\/en\/wp-json\/wp\/v2\/pages\/1911"}],"collection":[{"href":"https:\/\/www.tnt-maschinenbau.de\/en\/wp-json\/wp\/v2\/pages"}],"about":[{"href":"https:\/\/www.tnt-maschinenbau.de\/en\/wp-json\/wp\/v2\/types\/page"}],"author":[{"embeddable":true,"href":"https:\/\/www.tnt-maschinenbau.de\/en\/wp-json\/wp\/v2\/users\/1"}],"replies":[{"embeddable":true,"href":"https:\/\/www.tnt-maschinenbau.de\/en\/wp-json\/wp\/v2\/comments?post=1911"}],"version-history":[{"count":4,"href":"https:\/\/www.tnt-maschinenbau.de\/en\/wp-json\/wp\/v2\/pages\/1911\/revisions"}],"predecessor-version":[{"id":1927,"href":"https:\/\/www.tnt-maschinenbau.de\/en\/wp-json\/wp\/v2\/pages\/1911\/revisions\/1927"}],"up":[{"embeddable":true,"href":"https:\/\/www.tnt-maschinenbau.de\/en\/wp-json\/wp\/v2\/pages\/68"}],"wp:attachment":[{"href":"https:\/\/www.tnt-maschinenbau.de\/en\/wp-json\/wp\/v2\/media?parent=1911"}],"curies":[{"name":"wp","href":"https:\/\/api.w.org\/{rel}","templated":true}]}}